{"id":157,"date":"2018-09-14T06:46:00","date_gmt":"2018-09-14T06:46:00","guid":{"rendered":"https:\/\/demo.themegrill.com\/zakra-education\/?page_id=157"},"modified":"2022-03-15T16:52:22","modified_gmt":"2022-03-15T15:52:22","slug":"courses","status":"publish","type":"page","link":"http:\/\/www.pixel-signs.com\/ioml\/courses\/","title":{"rendered":"We4U"},"content":{"rendered":"\t\t<div data-elementor-type=\"wp-post\" data-elementor-id=\"157\" class=\"elementor elementor-157\">\n\t\t\t\t\t\t<div class=\"elementor-inner\">\n\t\t\t\t<div class=\"elementor-section-wrap\">\n\t\t\t\t\t\t\t\t\t<section class=\"elementor-section elementor-top-section elementor-element elementor-element-53089b2 elementor-section-boxed elementor-section-height-default elementor-section-height-default\" data-id=\"53089b2\" data-element_type=\"section\">\n\t\t\t\t\t\t<div class=\"elementor-container elementor-column-gap-default\">\n\t\t\t\t\t\t\t<div class=\"elementor-row\">\n\t\t\t\t\t<div class=\"elementor-column elementor-col-100 elementor-top-column elementor-element elementor-element-a79247a\" data-id=\"a79247a\" data-element_type=\"column\">\n\t\t\t<div class=\"elementor-column-wrap elementor-element-populated\">\n\t\t\t\t\t\t\t<div class=\"elementor-widget-wrap\">\n\t\t\t\t\t\t<div class=\"elementor-element elementor-element-7195e79 elementor-widget elementor-widget-heading\" data-id=\"7195e79\" data-element_type=\"widget\" data-widget_type=\"heading.default\">\n\t\t\t\t<div class=\"elementor-widget-container\">\n\t\t\t<h2 class=\"elementor-heading-title elementor-size-default\">Wir f\u00fcr DICH<br>Schulungen, Seminare und Events<\/h2>\t\t<\/div>\n\t\t\t\t<\/div>\n\t\t\t\t<section class=\"elementor-section elementor-inner-section elementor-element elementor-element-4b92bd93 elementor-section-boxed elementor-section-height-default elementor-section-height-default\" data-id=\"4b92bd93\" data-element_type=\"section\">\n\t\t\t\t\t\t<div class=\"elementor-container elementor-column-gap-default\">\n\t\t\t\t\t\t\t<div class=\"elementor-row\">\n\t\t\t\t\t<div class=\"elementor-column elementor-col-33 elementor-inner-column elementor-element elementor-element-72a364df\" data-id=\"72a364df\" data-element_type=\"column\">\n\t\t\t<div class=\"elementor-column-wrap\">\n\t\t\t\t\t\t\t<div class=\"elementor-widget-wrap\">\n\t\t\t\t\t\t\t\t<\/div>\n\t\t\t\t\t<\/div>\n\t\t<\/div>\n\t\t\t\t<div class=\"elementor-column elementor-col-33 elementor-inner-column elementor-element elementor-element-6e5d1848\" data-id=\"6e5d1848\" data-element_type=\"column\">\n\t\t\t<div class=\"elementor-column-wrap elementor-element-populated\">\n\t\t\t\t\t\t\t<div class=\"elementor-widget-wrap\">\n\t\t\t\t\t\t<div class=\"elementor-element elementor-element-50235d83 elementor-widget elementor-widget-text-editor\" data-id=\"50235d83\" data-element_type=\"widget\" data-widget_type=\"text-editor.default\">\n\t\t\t\t<div class=\"elementor-widget-container\">\n\t\t\t\t\t\t\t\t<div class=\"elementor-text-editor elementor-clearfix\">\n\t\t\t\t<p>Im Team geht alles besser und einfacher. Lerne von denen, die schon dort sind, wo Du hinwillst!<br \/>Online Seminare \/ Webinare, Gro\u00dfe Events jeden Monat.<br \/>Triff Dich mit Deinen Leuten , tausche Dich aus, lernt untereinander bei einem Kaffee<\/p>\t\t\t\t\t<\/div>\n\t\t\t\t\t\t<\/div>\n\t\t\t\t<\/div>\n\t\t\t\t\t\t<\/div>\n\t\t\t\t\t<\/div>\n\t\t<\/div>\n\t\t\t\t<div class=\"elementor-column elementor-col-33 elementor-inner-column elementor-element elementor-element-65e2d1a6\" data-id=\"65e2d1a6\" data-element_type=\"column\">\n\t\t\t<div class=\"elementor-column-wrap\">\n\t\t\t\t\t\t\t<div class=\"elementor-widget-wrap\">\n\t\t\t\t\t\t\t\t<\/div>\n\t\t\t\t\t<\/div>\n\t\t<\/div>\n\t\t\t\t\t\t\t\t<\/div>\n\t\t\t\t\t<\/div>\n\t\t<\/section>\n\t\t\t\t<div class=\"elementor-element elementor-element-61818ad elementor-aspect-ratio-169 elementor-widget elementor-widget-video\" data-id=\"61818ad\" data-element_type=\"widget\" data-settings=\"{&quot;youtube_url&quot;:&quot;https:\\\/\\\/youtu.be\\\/cqCB9YPG2xQ&quot;,&quot;modestbranding&quot;:&quot;yes&quot;,&quot;video_type&quot;:&quot;youtube&quot;,&quot;controls&quot;:&quot;yes&quot;,&quot;aspect_ratio&quot;:&quot;169&quot;}\" data-widget_type=\"video.default\">\n\t\t\t\t<div class=\"elementor-widget-container\">\n\t\t\t\t\t<div class=\"elementor-wrapper elementor-fit-aspect-ratio elementor-open-inline\">\n\t\t\t<div class=\"elementor-video\"><\/div>\t\t<\/div>\n\t\t\t\t<\/div>\n\t\t\t\t<\/div>\n\t\t\t\t\t\t<\/div>\n\t\t\t\t\t<\/div>\n\t\t<\/div>\n\t\t\t\t\t\t\t\t<\/div>\n\t\t\t\t\t<\/div>\n\t\t<\/section>\n\t\t\t\t<section class=\"elementor-section elementor-top-section elementor-element elementor-element-3dc7c571 elementor-section-boxed elementor-section-height-default elementor-section-height-default\" data-id=\"3dc7c571\" data-element_type=\"section\">\n\t\t\t\t\t\t<div class=\"elementor-container elementor-column-gap-default\">\n\t\t\t\t\t\t\t<div class=\"elementor-row\">\n\t\t\t\t\t<div class=\"elementor-column elementor-col-100 elementor-top-column elementor-element elementor-element-27edba4e\" data-id=\"27edba4e\" data-element_type=\"column\">\n\t\t\t<div class=\"elementor-column-wrap elementor-element-populated\">\n\t\t\t\t\t\t\t<div class=\"elementor-widget-wrap\">\n\t\t\t\t\t\t<section class=\"elementor-section elementor-inner-section elementor-element elementor-element-6753ea92 elementor-section-boxed elementor-section-height-default elementor-section-height-default\" data-id=\"6753ea92\" data-element_type=\"section\">\n\t\t\t\t\t\t<div class=\"elementor-container elementor-column-gap-default\">\n\t\t\t\t\t\t\t<div class=\"elementor-row\">\n\t\t\t\t\t<div class=\"elementor-column elementor-col-33 elementor-inner-column elementor-element elementor-element-970a3d2\" data-id=\"970a3d2\" data-element_type=\"column\">\n\t\t\t<div class=\"elementor-column-wrap elementor-element-populated\">\n\t\t\t\t\t\t\t<div class=\"elementor-widget-wrap\">\n\t\t\t\t\t\t<div class=\"elementor-element elementor-element-bdaadc8 elementor-position-top elementor-vertical-align-top elementor-widget elementor-widget-image-box\" data-id=\"bdaadc8\" data-element_type=\"widget\" data-widget_type=\"image-box.default\">\n\t\t\t\t<div class=\"elementor-widget-container\">\n\t\t\t<div class=\"elementor-image-box-wrapper\"><figure class=\"elementor-image-box-img\"><img src=\"http:\/\/www.pixel-signs.com\/ioml\/wp-content\/uploads\/elementor\/thumbs\/rawpixel-com-570908-unsplash-1-obyvqy9ewpmtvkn7qmen1o3yvyk6so9bg20kq4vdj2.jpg\" title=\"rawpixel-com-570908-unsplash\" alt=\"rawpixel-com-570908-unsplash\" loading=\"lazy\" \/><\/figure><div class=\"elementor-image-box-content\"><h3 class=\"elementor-image-box-title\">Der Plan<\/h3><p class=\"elementor-image-box-description\">Business<\/p><\/div><\/div>\t\t<\/div>\n\t\t\t\t<\/div>\n\t\t\t\t\t\t<\/div>\n\t\t\t\t\t<\/div>\n\t\t<\/div>\n\t\t\t\t<div class=\"elementor-column elementor-col-33 elementor-inner-column elementor-element elementor-element-68629fa4\" data-id=\"68629fa4\" data-element_type=\"column\">\n\t\t\t<div class=\"elementor-column-wrap elementor-element-populated\">\n\t\t\t\t\t\t\t<div class=\"elementor-widget-wrap\">\n\t\t\t\t\t\t<div class=\"elementor-element elementor-element-86944af elementor-position-top elementor-vertical-align-top elementor-widget elementor-widget-image-box\" data-id=\"86944af\" data-element_type=\"widget\" data-widget_type=\"image-box.default\">\n\t\t\t\t<div class=\"elementor-widget-container\">\n\t\t\t<div class=\"elementor-image-box-wrapper\"><figure class=\"elementor-image-box-img\"><img src=\"http:\/\/www.pixel-signs.com\/ioml\/wp-content\/uploads\/elementor\/thumbs\/Image-1-1-obyvrnn218lkl1mcmfdkezpexd33ki22jjmooltqv2.jpg\" title=\"Image 1\" alt=\"Image 1\" loading=\"lazy\" \/><\/figure><div class=\"elementor-image-box-content\"><h3 class=\"elementor-image-box-title\">Produkt Informationen<\/h3><p class=\"elementor-image-box-description\">Produkt Akademie<\/p><\/div><\/div>\t\t<\/div>\n\t\t\t\t<\/div>\n\t\t\t\t\t\t<\/div>\n\t\t\t\t\t<\/div>\n\t\t<\/div>\n\t\t\t\t<div class=\"elementor-column elementor-col-33 elementor-inner-column elementor-element elementor-element-b90302d\" data-id=\"b90302d\" data-element_type=\"column\">\n\t\t\t<div class=\"elementor-column-wrap elementor-element-populated\">\n\t\t\t\t\t\t\t<div class=\"elementor-widget-wrap\">\n\t\t\t\t\t\t<div class=\"elementor-element elementor-element-568bd3d1 elementor-position-top elementor-vertical-align-top elementor-widget elementor-widget-image-box\" data-id=\"568bd3d1\" data-element_type=\"widget\" data-widget_type=\"image-box.default\">\n\t\t\t\t<div class=\"elementor-widget-container\">\n\t\t\t<div class=\"elementor-image-box-wrapper\"><figure class=\"elementor-image-box-img\"><img src=\"http:\/\/www.pixel-signs.com\/ioml\/wp-content\/uploads\/elementor\/thumbs\/emma-matthews-567486-unsplash-1-obyvrg4cikba05x9uc4jv1lq6a45ux87uiesue4w8u.jpg\" title=\"emma-matthews-567486-unsplash\" alt=\"emma-matthews-567486-unsplash\" loading=\"lazy\" \/><\/figure><div class=\"elementor-image-box-content\"><h3 class=\"elementor-image-box-title\">Webinare<\/h3><p class=\"elementor-image-box-description\">Leran &amp; Travel<\/p><\/div><\/div>\t\t<\/div>\n\t\t\t\t<\/div>\n\t\t\t\t\t\t<\/div>\n\t\t\t\t\t<\/div>\n\t\t<\/div>\n\t\t\t\t\t\t\t\t<\/div>\n\t\t\t\t\t<\/div>\n\t\t<\/section>\n\t\t\t\t<section class=\"elementor-section elementor-inner-section elementor-element elementor-element-3035bec8 elementor-section-boxed elementor-section-height-default elementor-section-height-default\" data-id=\"3035bec8\" data-element_type=\"section\">\n\t\t\t\t\t\t<div class=\"elementor-container elementor-column-gap-default\">\n\t\t\t\t\t\t\t<div class=\"elementor-row\">\n\t\t\t\t\t<div class=\"elementor-column elementor-col-33 elementor-inner-column elementor-element elementor-element-b856539\" data-id=\"b856539\" data-element_type=\"column\">\n\t\t\t<div class=\"elementor-column-wrap elementor-element-populated\">\n\t\t\t\t\t\t\t<div class=\"elementor-widget-wrap\">\n\t\t\t\t\t\t<div class=\"elementor-element elementor-element-8949c10 elementor-position-top elementor-vertical-align-top elementor-widget elementor-widget-image-box\" data-id=\"8949c10\" data-element_type=\"widget\" data-widget_type=\"image-box.default\">\n\t\t\t\t<div class=\"elementor-widget-container\">\n\t\t\t<div class=\"elementor-image-box-wrapper\"><figure class=\"elementor-image-box-img\"><img src=\"http:\/\/www.pixel-signs.com\/ioml\/wp-content\/uploads\/elementor\/thumbs\/brooke-lark-331981-unsplash-1-obyvrixv32f4yzt6dvcfkiw3yfq9i0jeuwd9a80pq6.jpg\" title=\"brooke-lark-331981-unsplash\" alt=\"brooke-lark-331981-unsplash\" loading=\"lazy\" \/><\/figure><div class=\"elementor-image-box-content\"><h3 class=\"elementor-image-box-title\">Live Seminare<\/h3><p class=\"elementor-image-box-description\">Management<\/p><\/div><\/div>\t\t<\/div>\n\t\t\t\t<\/div>\n\t\t\t\t\t\t<\/div>\n\t\t\t\t\t<\/div>\n\t\t<\/div>\n\t\t\t\t<div class=\"elementor-column elementor-col-33 elementor-inner-column elementor-element elementor-element-6a8f04f3\" data-id=\"6a8f04f3\" data-element_type=\"column\">\n\t\t\t<div class=\"elementor-column-wrap elementor-element-populated\">\n\t\t\t\t\t\t\t<div class=\"elementor-widget-wrap\">\n\t\t\t\t\t\t<div class=\"elementor-element elementor-element-562b1091 elementor-position-top elementor-vertical-align-top elementor-widget elementor-widget-image-box\" data-id=\"562b1091\" data-element_type=\"widget\" data-widget_type=\"image-box.default\">\n\t\t\t\t<div class=\"elementor-widget-container\">\n\t\t\t<div class=\"elementor-image-box-wrapper\"><figure class=\"elementor-image-box-img\"><img src=\"http:\/\/www.pixel-signs.com\/ioml\/wp-content\/uploads\/elementor\/thumbs\/nikolay-tarashchenko-551722-unsplash-1-obyvrahbdk3k2i5gr9osg30ylyvykqlttqhvyqd9a6.jpg\" title=\"nikolay-tarashchenko-551722-unsplash\" alt=\"nikolay-tarashchenko-551722-unsplash\" loading=\"lazy\" \/><\/figure><div class=\"elementor-image-box-content\"><h3 class=\"elementor-image-box-title\">Business Akademien<\/h3><p class=\"elementor-image-box-description\">The BIG Community<\/p><\/div><\/div>\t\t<\/div>\n\t\t\t\t<\/div>\n\t\t\t\t\t\t<\/div>\n\t\t\t\t\t<\/div>\n\t\t<\/div>\n\t\t\t\t<div class=\"elementor-column elementor-col-33 elementor-inner-column elementor-element elementor-element-f14c2fb\" data-id=\"f14c2fb\" data-element_type=\"column\">\n\t\t\t<div class=\"elementor-column-wrap elementor-element-populated\">\n\t\t\t\t\t\t\t<div class=\"elementor-widget-wrap\">\n\t\t\t\t\t\t<div class=\"elementor-element elementor-element-1212f711 elementor-position-top elementor-vertical-align-top elementor-widget elementor-widget-image-box\" data-id=\"1212f711\" data-element_type=\"widget\" data-widget_type=\"image-box.default\">\n\t\t\t\t<div class=\"elementor-widget-container\">\n\t\t\t<div class=\"elementor-image-box-wrapper\"><figure class=\"elementor-image-box-img\"><img src=\"http:\/\/www.pixel-signs.com\/ioml\/wp-content\/uploads\/elementor\/thumbs\/alexandra-gorn-260989-unsplash-1-obyvr3wg1pujt8f0touegmoqg9se2uvpgtxhlsn0hq.jpg\" title=\"alexandra-gorn-260989-unsplash\" alt=\"alexandra-gorn-260989-unsplash\" loading=\"lazy\" \/><\/figure><div class=\"elementor-image-box-content\"><h3 class=\"elementor-image-box-title\">Homepartys<\/h3><p class=\"elementor-image-box-description\">Lifestyle at home<\/p><\/div><\/div>\t\t<\/div>\n\t\t\t\t<\/div>\n\t\t\t\t\t\t<\/div>\n\t\t\t\t\t<\/div>\n\t\t<\/div>\n\t\t\t\t\t\t\t\t<\/div>\n\t\t\t\t\t<\/div>\n\t\t<\/section>\n\t\t\t\t\t\t<\/div>\n\t\t\t\t\t<\/div>\n\t\t<\/div>\n\t\t\t\t\t\t\t\t<\/div>\n\t\t\t\t\t<\/div>\n\t\t<\/section>\n\t\t\t\t<section class=\"elementor-section elementor-top-section elementor-element elementor-element-f0c413f elementor-section-boxed elementor-section-height-default elementor-section-height-default\" data-id=\"f0c413f\" data-element_type=\"section\">\n\t\t\t\t\t\t<div class=\"elementor-container elementor-column-gap-default\">\n\t\t\t\t\t\t\t<div class=\"elementor-row\">\n\t\t\t\t\t<div class=\"elementor-column elementor-col-100 elementor-top-column elementor-element elementor-element-d61b1ae\" data-id=\"d61b1ae\" data-element_type=\"column\">\n\t\t\t<div class=\"elementor-column-wrap elementor-element-populated\">\n\t\t\t\t\t\t\t<div class=\"elementor-widget-wrap\">\n\t\t\t\t\t\t<div class=\"elementor-element elementor-element-ddc80a8 elementor-widget elementor-widget-text-editor\" data-id=\"ddc80a8\" data-element_type=\"widget\" data-widget_type=\"text-editor.default\">\n\t\t\t\t<div class=\"elementor-widget-container\">\n\t\t\t\t\t\t\t\t<div class=\"elementor-text-editor elementor-clearfix\">\n\t\t\t\t<h5>Wenn Du Dich jetzt entschieden hast, Deine Tr\u00e4ume und Ziele mit uns zu erreichen, dann schreib Dich ein und in K\u00fcrze terminieren wir uns zu einem Gespr\u00e4ch, um die n\u00e4chsten Schritte zu besprechen!<\/h5><p><a href=\"http:\/\/www.pixel-signs.com\/ioml\/blog-page\/\">Zur Registrierung&#8230;<\/a><\/p>\t\t\t\t\t<\/div>\n\t\t\t\t\t\t<\/div>\n\t\t\t\t<\/div>\n\t\t\t\t\t\t<\/div>\n\t\t\t\t\t<\/div>\n\t\t<\/div>\n\t\t\t\t\t\t\t\t<\/div>\n\t\t\t\t\t<\/div>\n\t\t<\/section>\n\t\t\t\t\t\t\t\t\t<\/div>\n\t\t\t<\/div>\n\t\t\t\t\t<\/div>\n\t\t","protected":false},"excerpt":{"rendered":"<p>Wir f\u00fcr DICHSchulungen, Seminare und Events Im Team geht alles besser und einfacher. Lerne von denen, die schon dort sind, wo Du hinwillst!Online Seminare \/ Webinare, Gro\u00dfe Events jeden Monat.Triff Dich mit Deinen Leuten , tausche Dich aus, lernt untereinander [&hellip;]<\/p>\n","protected":false},"author":1,"featured_media":0,"parent":0,"menu_order":0,"comment_status":"closed","ping_status":"closed","template":"elementor_header_footer","meta":[],"_links":{"self":[{"href":"http:\/\/www.pixel-signs.com\/ioml\/wp-json\/wp\/v2\/pages\/157"}],"collection":[{"href":"http:\/\/www.pixel-signs.com\/ioml\/wp-json\/wp\/v2\/pages"}],"about":[{"href":"http:\/\/www.pixel-signs.com\/ioml\/wp-json\/wp\/v2\/types\/page"}],"author":[{"embeddable":true,"href":"http:\/\/www.pixel-signs.com\/ioml\/wp-json\/wp\/v2\/users\/1"}],"replies":[{"embeddable":true,"href":"http:\/\/www.pixel-signs.com\/ioml\/wp-json\/wp\/v2\/comments?post=157"}],"version-history":[{"count":14,"href":"http:\/\/www.pixel-signs.com\/ioml\/wp-json\/wp\/v2\/pages\/157\/revisions"}],"predecessor-version":[{"id":887,"href":"http:\/\/www.pixel-signs.com\/ioml\/wp-json\/wp\/v2\/pages\/157\/revisions\/887"}],"wp:attachment":[{"href":"http:\/\/www.pixel-signs.com\/ioml\/wp-json\/wp\/v2\/media?parent=157"}],"curies":[{"name":"wp","href":"https:\/\/api.w.org\/{rel}","templated":true}]}}