{"id":18,"date":"2018-09-13T08:23:17","date_gmt":"2018-09-13T08:23:17","guid":{"rendered":"https:\/\/demo.themegrill.com\/zakra-education\/?page_id=18"},"modified":"2019-08-10T23:00:15","modified_gmt":"2019-08-10T21:00:15","slug":"about-us","status":"publish","type":"page","link":"http:\/\/www.pixel-signs.com\/ioml\/about-us\/","title":{"rendered":"WIR!"},"content":{"rendered":"\t\t<div data-elementor-type=\"wp-post\" data-elementor-id=\"18\" class=\"elementor elementor-18\">\n\t\t\t\t\t\t<div class=\"elementor-inner\">\n\t\t\t\t<div class=\"elementor-section-wrap\">\n\t\t\t\t\t\t\t\t\t<section class=\"elementor-section elementor-top-section elementor-element elementor-element-118dd5d elementor-section-full_width elementor-section-height-default elementor-section-height-default\" data-id=\"118dd5d\" data-element_type=\"section\">\n\t\t\t\t\t\t<div class=\"elementor-container elementor-column-gap-default\">\n\t\t\t\t\t\t\t<div class=\"elementor-row\">\n\t\t\t\t\t<div class=\"elementor-column elementor-col-50 elementor-top-column elementor-element elementor-element-37e6c1e\" data-id=\"37e6c1e\" data-element_type=\"column\">\n\t\t\t<div class=\"elementor-column-wrap elementor-element-populated\">\n\t\t\t\t\t\t\t<div class=\"elementor-widget-wrap\">\n\t\t\t\t\t\t<div class=\"elementor-element elementor-element-13beadd elementor-widget elementor-widget-image\" data-id=\"13beadd\" data-element_type=\"widget\" data-widget_type=\"image.default\">\n\t\t\t\t<div class=\"elementor-widget-container\">\n\t\t\t\t\t\t\t\t<div class=\"elementor-image\">\n\t\t\t\t\t\t\t\t\t\t\t\t<img width=\"800\" height=\"700\" src=\"http:\/\/www.pixel-signs.com\/ioml\/wp-content\/uploads\/2019\/08\/1IMG_1159-PM-WMC19-PhotoDudau-800x700.jpg\" class=\"attachment-large size-large wp-image-459\" alt=\"\" loading=\"lazy\" srcset=\"http:\/\/www.pixel-signs.com\/ioml\/wp-content\/uploads\/2019\/08\/1IMG_1159-PM-WMC19-PhotoDudau-800x700.jpg 800w, http:\/\/www.pixel-signs.com\/ioml\/wp-content\/uploads\/2019\/08\/1IMG_1159-PM-WMC19-PhotoDudau-800x700-300x263.jpg 300w, http:\/\/www.pixel-signs.com\/ioml\/wp-content\/uploads\/2019\/08\/1IMG_1159-PM-WMC19-PhotoDudau-800x700-768x672.jpg 768w\" sizes=\"(max-width: 800px) 100vw, 800px\" \/>\t\t\t\t\t\t\t\t\t\t\t\t\t\t<\/div>\n\t\t\t\t\t\t<\/div>\n\t\t\t\t<\/div>\n\t\t\t\t\t\t<\/div>\n\t\t\t\t\t<\/div>\n\t\t<\/div>\n\t\t\t\t<div class=\"elementor-column elementor-col-50 elementor-top-column elementor-element elementor-element-3e8939a\" data-id=\"3e8939a\" data-element_type=\"column\">\n\t\t\t<div class=\"elementor-column-wrap elementor-element-populated\">\n\t\t\t\t\t\t\t<div class=\"elementor-widget-wrap\">\n\t\t\t\t\t\t<div class=\"elementor-element elementor-element-0756f6d elementor-widget elementor-widget-heading\" data-id=\"0756f6d\" data-element_type=\"widget\" data-widget_type=\"heading.default\">\n\t\t\t\t<div class=\"elementor-widget-container\">\n\t\t\t<h2 class=\"elementor-heading-title elementor-size-default\">Wer sind wir<\/h2>\t\t<\/div>\n\t\t\t\t<\/div>\n\t\t\t\t<div class=\"elementor-element elementor-element-4430410 elementor-widget elementor-widget-text-editor\" data-id=\"4430410\" data-element_type=\"widget\" data-widget_type=\"text-editor.default\">\n\t\t\t\t<div class=\"elementor-widget-container\">\n\t\t\t\t\t\t\t\t<div class=\"elementor-text-editor elementor-clearfix\">\n\t\t\t\t<p>Wir sind Menschen aus den unterschiedlichsten Berufen, die sich gefunden haben, weil wir allesamt rauswollten aus dem Hamsterrad, ges\u00fcnder sein wollten, mehr Energie brauchten, viel Zeit f\u00fcr unsere Lieben haben wollten, eine echte leistungsbezogene Bezahlung wollten und viele andere Gr\u00fcnde.<\/p>\t\t\t\t\t<\/div>\n\t\t\t\t\t\t<\/div>\n\t\t\t\t<\/div>\n\t\t\t\t<div class=\"elementor-element elementor-element-f0bc5ad elementor-widget elementor-widget-text-editor\" data-id=\"f0bc5ad\" data-element_type=\"widget\" data-widget_type=\"text-editor.default\">\n\t\t\t\t<div class=\"elementor-widget-container\">\n\t\t\t\t\t\t\t\t<div class=\"elementor-text-editor elementor-clearfix\">\n\t\t\t\t<p>Heute sind wir ein stetig wachsendes Team. Wir treffen uns regelm\u00e4\u00dfig zum Austausch, zum Lernen und zum Feiern. Jeder hat seine eigenen Ziele und seine eigene Geschwindigkeit, aber alle arbeiten daran diese Ziele, Schritt f\u00fcr Schritt zu erreichen.<\/p>\t\t\t\t\t<\/div>\n\t\t\t\t\t\t<\/div>\n\t\t\t\t<\/div>\n\t\t\t\t<div class=\"elementor-element elementor-element-d445846 elementor-widget elementor-widget-text-editor\" data-id=\"d445846\" data-element_type=\"widget\" data-widget_type=\"text-editor.default\">\n\t\t\t\t<div class=\"elementor-widget-container\">\n\t\t\t\t\t\t\t\t<div class=\"elementor-text-editor elementor-clearfix\">\n\t\t\t\t<p>Gib uns die M\u00f6glichkeit, Deine Ziele zu finden und lass uns Dir Zeigen, wie Du diese erreichen kannst.<\/p><p>Das sch\u00f6ne an dieser Arbeit ist:<\/p><p><strong>Bleib einfach so, wie Du bist!!<\/strong><\/p>\t\t\t\t\t<\/div>\n\t\t\t\t\t\t<\/div>\n\t\t\t\t<\/div>\n\t\t\t\t\t\t<\/div>\n\t\t\t\t\t<\/div>\n\t\t<\/div>\n\t\t\t\t\t\t\t\t<\/div>\n\t\t\t\t\t<\/div>\n\t\t<\/section>\n\t\t\t\t\t\t\t\t\t<\/div>\n\t\t\t<\/div>\n\t\t\t\t\t<\/div>\n\t\t","protected":false},"excerpt":{"rendered":"<p>Wer sind wir Wir sind Menschen aus den unterschiedlichsten Berufen, die sich gefunden haben, weil wir allesamt rauswollten aus dem Hamsterrad, ges\u00fcnder sein wollten, mehr Energie brauchten, viel Zeit f\u00fcr unsere Lieben haben wollten, eine echte leistungsbezogene Bezahlung wollten und [&hellip;]<\/p>\n","protected":false},"author":1,"featured_media":0,"parent":0,"menu_order":0,"comment_status":"closed","ping_status":"closed","template":"elementor_header_footer","meta":[],"_links":{"self":[{"href":"http:\/\/www.pixel-signs.com\/ioml\/wp-json\/wp\/v2\/pages\/18"}],"collection":[{"href":"http:\/\/www.pixel-signs.com\/ioml\/wp-json\/wp\/v2\/pages"}],"about":[{"href":"http:\/\/www.pixel-signs.com\/ioml\/wp-json\/wp\/v2\/types\/page"}],"author":[{"embeddable":true,"href":"http:\/\/www.pixel-signs.com\/ioml\/wp-json\/wp\/v2\/users\/1"}],"replies":[{"embeddable":true,"href":"http:\/\/www.pixel-signs.com\/ioml\/wp-json\/wp\/v2\/comments?post=18"}],"version-history":[{"count":8,"href":"http:\/\/www.pixel-signs.com\/ioml\/wp-json\/wp\/v2\/pages\/18\/revisions"}],"predecessor-version":[{"id":465,"href":"http:\/\/www.pixel-signs.com\/ioml\/wp-json\/wp\/v2\/pages\/18\/revisions\/465"}],"wp:attachment":[{"href":"http:\/\/www.pixel-signs.com\/ioml\/wp-json\/wp\/v2\/media?parent=18"}],"curies":[{"name":"wp","href":"https:\/\/api.w.org\/{rel}","templated":true}]}}