{"id":211,"date":"2018-09-17T04:09:03","date_gmt":"2018-09-17T04:09:03","guid":{"rendered":"https:\/\/demo.themegrill.com\/zakra-education\/?page_id=211"},"modified":"2022-03-15T16:49:18","modified_gmt":"2022-03-15T15:49:18","slug":"finance","status":"publish","type":"page","link":"http:\/\/www.pixel-signs.com\/ioml\/finance\/","title":{"rendered":"Der Plan"},"content":{"rendered":"\t\t<div data-elementor-type=\"wp-post\" data-elementor-id=\"211\" class=\"elementor elementor-211\">\n\t\t\t\t\t\t<div class=\"elementor-inner\">\n\t\t\t\t<div class=\"elementor-section-wrap\">\n\t\t\t\t\t\t\t\t\t<section class=\"elementor-section elementor-top-section elementor-element elementor-element-247ac1f elementor-section-boxed elementor-section-height-default elementor-section-height-default\" data-id=\"247ac1f\" data-element_type=\"section\">\n\t\t\t\t\t\t<div class=\"elementor-container elementor-column-gap-default\">\n\t\t\t\t\t\t\t<div class=\"elementor-row\">\n\t\t\t\t\t<div class=\"elementor-column elementor-col-100 elementor-top-column elementor-element elementor-element-384d5e4\" data-id=\"384d5e4\" data-element_type=\"column\">\n\t\t\t<div class=\"elementor-column-wrap elementor-element-populated\">\n\t\t\t\t\t\t\t<div class=\"elementor-widget-wrap\">\n\t\t\t\t\t\t<div class=\"elementor-element elementor-element-7a91f92 elementor-widget elementor-widget-image\" data-id=\"7a91f92\" data-element_type=\"widget\" data-widget_type=\"image.default\">\n\t\t\t\t<div class=\"elementor-widget-container\">\n\t\t\t\t\t\t\t\t<div class=\"elementor-image\">\n\t\t\t\t\t\t\t\t\t\t\t\t<img src=\"http:\/\/www.pixel-signs.com\/ioml\/wp-content\/uploads\/elementor\/thumbs\/rawpixel-com-570908-unsplash-1-obyvqy9jt0bfnajelw078va8zzk752tc7dag0sng6k.jpg\" title=\"rawpixel-com-570908-unsplash\" alt=\"rawpixel-com-570908-unsplash\" loading=\"lazy\" \/>\t\t\t\t\t\t\t\t\t\t\t\t\t\t<\/div>\n\t\t\t\t\t\t<\/div>\n\t\t\t\t<\/div>\n\t\t\t\t<section class=\"elementor-section elementor-inner-section elementor-element elementor-element-f264130 elementor-section-full_width elementor-section-content-top elementor-section-height-default elementor-section-height-default\" data-id=\"f264130\" data-element_type=\"section\">\n\t\t\t\t\t\t<div class=\"elementor-container elementor-column-gap-no\">\n\t\t\t\t\t\t\t<div class=\"elementor-row\">\n\t\t\t\t\t<div class=\"elementor-column elementor-col-50 elementor-inner-column elementor-element elementor-element-c09dc10\" data-id=\"c09dc10\" data-element_type=\"column\">\n\t\t\t<div class=\"elementor-column-wrap elementor-element-populated\">\n\t\t\t\t\t\t\t<div class=\"elementor-widget-wrap\">\n\t\t\t\t\t\t<div class=\"elementor-element elementor-element-c6d40d8 elementor-widget elementor-widget-heading\" data-id=\"c6d40d8\" data-element_type=\"widget\" data-widget_type=\"heading.default\">\n\t\t\t\t<div class=\"elementor-widget-container\">\n\t\t\t<h2 class=\"elementor-heading-title elementor-size-default\">Der Plan<\/h2>\t\t<\/div>\n\t\t\t\t<\/div>\n\t\t\t\t<div class=\"elementor-element elementor-element-97dfed3 elementor-widget elementor-widget-heading\" data-id=\"97dfed3\" data-element_type=\"widget\" data-widget_type=\"heading.default\">\n\t\t\t\t<div class=\"elementor-widget-container\">\n\t\t\t<h5 class=\"elementor-heading-title elementor-size-default\">Business<\/h5>\t\t<\/div>\n\t\t\t\t<\/div>\n\t\t\t\t\t\t<\/div>\n\t\t\t\t\t<\/div>\n\t\t<\/div>\n\t\t\t\t<div class=\"elementor-column elementor-col-50 elementor-inner-column elementor-element elementor-element-673582c\" data-id=\"673582c\" data-element_type=\"column\">\n\t\t\t<div class=\"elementor-column-wrap elementor-element-populated\">\n\t\t\t\t\t\t\t<div class=\"elementor-widget-wrap\">\n\t\t\t\t\t\t<div class=\"elementor-element elementor-element-a939780 elementor-widget elementor-widget-text-editor\" data-id=\"a939780\" data-element_type=\"widget\" data-widget_type=\"text-editor.default\">\n\t\t\t\t<div class=\"elementor-widget-container\">\n\t\t\t\t\t\t\t\t<div class=\"elementor-text-editor elementor-clearfix\">\n\t\t\t\t\t\t\t\t\t<\/div>\n\t\t\t\t\t\t<\/div>\n\t\t\t\t<\/div>\n\t\t\t\t\t\t<\/div>\n\t\t\t\t\t<\/div>\n\t\t<\/div>\n\t\t\t\t\t\t\t\t<\/div>\n\t\t\t\t\t<\/div>\n\t\t<\/section>\n\t\t\t\t<div class=\"elementor-element elementor-element-3d55aa1 elementor-widget elementor-widget-text-editor\" data-id=\"3d55aa1\" data-element_type=\"widget\" data-widget_type=\"text-editor.default\">\n\t\t\t\t<div class=\"elementor-widget-container\">\n\t\t\t\t\t\t\t\t<div class=\"elementor-text-editor elementor-clearfix\">\n\t\t\t\t<p>Wenn Du Dich entschieden hast, Dein Leben positiv zu ver\u00e4ndern, ist es wichtig einen <strong>Plan<\/strong> zu haben.<\/p><p>Mit unseren F\u00fchrungskr\u00e4ften werden wir Deine Ziele herausfinden und daf\u00fcr gezielt einen Plan aufstellen. Es werden Hausaufgaben verteilt, f\u00fcr die man gar nicht so viel Zeit ben\u00f6tigt. Aber Du solltest Dir diese Zeit einplanen und nutzen.<\/p><p>Mit den Hausaufgaben trifft man sich wieder und beginnt SOFORT diesen Plan umzusetzen.<\/p><p>Das sch\u00f6ne dabei ist: <strong>BLEIB EINFACH SO WIE DU BIST UND \u00c4NDERE NIX DARAN!! DU BIST PERFEKT, SO WIE DU BIST UND WIR BRAUCHEN DICH GENAU SO!!<\/strong><\/p><p><a href=\"http:\/\/www.pixel-signs.com\/ioml\/courses\/\"><strong>Next&#8230;<\/strong><\/a><\/p>\t\t\t\t\t<\/div>\n\t\t\t\t\t\t<\/div>\n\t\t\t\t<\/div>\n\t\t\t\t\t\t<\/div>\n\t\t\t\t\t<\/div>\n\t\t<\/div>\n\t\t\t\t\t\t\t\t<\/div>\n\t\t\t\t\t<\/div>\n\t\t<\/section>\n\t\t\t\t\t\t\t\t\t<\/div>\n\t\t\t<\/div>\n\t\t\t\t\t<\/div>\n\t\t","protected":false},"excerpt":{"rendered":"<p>Der Plan Business Wenn Du Dich entschieden hast, Dein Leben positiv zu ver\u00e4ndern, ist es wichtig einen Plan zu haben. Mit unseren F\u00fchrungskr\u00e4ften werden wir Deine Ziele herausfinden und daf\u00fcr gezielt einen Plan aufstellen. Es werden Hausaufgaben verteilt, f\u00fcr die [&hellip;]<\/p>\n","protected":false},"author":1,"featured_media":0,"parent":0,"menu_order":0,"comment_status":"closed","ping_status":"closed","template":"elementor_header_footer","meta":[],"_links":{"self":[{"href":"http:\/\/www.pixel-signs.com\/ioml\/wp-json\/wp\/v2\/pages\/211"}],"collection":[{"href":"http:\/\/www.pixel-signs.com\/ioml\/wp-json\/wp\/v2\/pages"}],"about":[{"href":"http:\/\/www.pixel-signs.com\/ioml\/wp-json\/wp\/v2\/types\/page"}],"author":[{"embeddable":true,"href":"http:\/\/www.pixel-signs.com\/ioml\/wp-json\/wp\/v2\/users\/1"}],"replies":[{"embeddable":true,"href":"http:\/\/www.pixel-signs.com\/ioml\/wp-json\/wp\/v2\/comments?post=211"}],"version-history":[{"count":8,"href":"http:\/\/www.pixel-signs.com\/ioml\/wp-json\/wp\/v2\/pages\/211\/revisions"}],"predecessor-version":[{"id":884,"href":"http:\/\/www.pixel-signs.com\/ioml\/wp-json\/wp\/v2\/pages\/211\/revisions\/884"}],"wp:attachment":[{"href":"http:\/\/www.pixel-signs.com\/ioml\/wp-json\/wp\/v2\/media?parent=211"}],"curies":[{"name":"wp","href":"https:\/\/api.w.org\/{rel}","templated":true}]}}