{"id":776,"date":"2019-08-14T16:51:45","date_gmt":"2019-08-14T14:51:45","guid":{"rendered":"http:\/\/www.pixel-signs.com\/ioml\/?page_id=776"},"modified":"2022-03-15T16:44:13","modified_gmt":"2022-03-15T15:44:13","slug":"dein-start","status":"publish","type":"page","link":"http:\/\/www.pixel-signs.com\/ioml\/dein-start\/","title":{"rendered":"Dein Start"},"content":{"rendered":"\t\t<div data-elementor-type=\"wp-page\" data-elementor-id=\"776\" class=\"elementor elementor-776\">\n\t\t\t\t\t\t<div class=\"elementor-inner\">\n\t\t\t\t<div class=\"elementor-section-wrap\">\n\t\t\t\t\t\t\t\t\t<section class=\"elementor-section elementor-top-section elementor-element elementor-element-471404e1 elementor-section-boxed elementor-section-height-default elementor-section-height-default\" data-id=\"471404e1\" data-element_type=\"section\">\n\t\t\t\t\t\t<div class=\"elementor-container elementor-column-gap-default\">\n\t\t\t\t\t\t\t<div class=\"elementor-row\">\n\t\t\t\t\t<div class=\"elementor-column elementor-col-100 elementor-top-column elementor-element elementor-element-74b34b68\" data-id=\"74b34b68\" data-element_type=\"column\">\n\t\t\t<div class=\"elementor-column-wrap elementor-element-populated\">\n\t\t\t\t\t\t\t<div class=\"elementor-widget-wrap\">\n\t\t\t\t\t\t<div class=\"elementor-element elementor-element-a6c949 elementor-widget elementor-widget-text-editor\" data-id=\"a6c949\" data-element_type=\"widget\" data-widget_type=\"text-editor.default\">\n\t\t\t\t<div class=\"elementor-widget-container\">\n\t\t\t\t\t\t\t\t<div class=\"elementor-text-editor elementor-clearfix\">\n\t\t\t\t<p><!-- wp:paragraph --><\/p>\n<p><!-- \/wp:paragraph --><\/p>\n<p><!-- wp:paragraph --><\/p>\n<p>Sch\u00f6n, da\u00df Du Dich entschieden hast etwas in deinem Leben zu ver\u00e4ndern, nach vorn zu gehen und das Leben wirklich zu leben.<br \/>Beginne zu lernen, wie Dein neues Business funktioniert, \u00fcbe, trainiere und entscheide. Du bist das Wichtigste in Deinem Leben!! Du legst selber fest, wie intensiv Du Dein Business betreibst. M\u00f6chtest Du einfach etwas dazuverdienen, um entspannter Deinen Alltag zu meistern oder m\u00f6chtest Du wirklich in den Genuss kommen stressfrei zu arbeiten, wirklich Zeit f\u00fcr die wichtigen Dinge im Leben haben (Familie, Kinder, Hobby) , zu arbeiten wann Du willst, wo Du willst und mit wem Du willst.<\/p>\n<h3 style=\"text-align: center;\"><span style=\"color: #800000;\"><b>Triff Deine Entscheidung JETZT!!<\/b><\/span><\/h3>\n<p><!-- \/wp:paragraph --><\/p>\n<p><!-- wp:paragraph --><\/p>\n<p>Lass denjenigen, der Dir diese Webseite empfohlen hat wissen, das Du loslegen m\u00f6chtest. Starte Dein neues Business und lass Dich durch Deinen Sponsor registrieren. Nach erfolgter Registrierung bekommst Du von ihm den Zugangs Code f\u00fcr den internen Bereich, Dort findest Du alle wichtigen Tools f\u00fcr Deinen Start!!<\/p>\n<p><!-- \/wp:paragraph --><\/p>\n<p><!-- wp:paragraph --><\/p>\n<p>Solltest Du schon einen Zugangs Code erhalten haben, dann klicke einfach den nachfolgenden Link:<\/p>\n<p><!-- \/wp:paragraph --><\/p>\n<p><!-- wp:paragraph --><\/p>\n<p><a href=\"http:\/\/www.pixel-signs.com\/ioml\/finance\/\"><strong>Next&#8230;<\/strong><\/a><\/p>\n<p><!-- \/wp:paragraph --><\/p>\t\t\t\t\t<\/div>\n\t\t\t\t\t\t<\/div>\n\t\t\t\t<\/div>\n\t\t\t\t\t\t<\/div>\n\t\t\t\t\t<\/div>\n\t\t<\/div>\n\t\t\t\t\t\t\t\t<\/div>\n\t\t\t\t\t<\/div>\n\t\t<\/section>\n\t\t\t\t\t\t\t\t\t<\/div>\n\t\t\t<\/div>\n\t\t\t\t\t<\/div>\n\t\t","protected":false},"excerpt":{"rendered":"<p>Sch\u00f6n, da\u00df Du Dich entschieden hast etwas in deinem Leben zu ver\u00e4ndern, nach vorn zu gehen und das Leben wirklich zu leben.Beginne zu lernen, wie Dein neues Business funktioniert, \u00fcbe, trainiere und entscheide. Du bist das Wichtigste in Deinem Leben!! [&hellip;]<\/p>\n","protected":false},"author":1,"featured_media":777,"parent":0,"menu_order":0,"comment_status":"closed","ping_status":"closed","template":"","meta":[],"_links":{"self":[{"href":"http:\/\/www.pixel-signs.com\/ioml\/wp-json\/wp\/v2\/pages\/776"}],"collection":[{"href":"http:\/\/www.pixel-signs.com\/ioml\/wp-json\/wp\/v2\/pages"}],"about":[{"href":"http:\/\/www.pixel-signs.com\/ioml\/wp-json\/wp\/v2\/types\/page"}],"author":[{"embeddable":true,"href":"http:\/\/www.pixel-signs.com\/ioml\/wp-json\/wp\/v2\/users\/1"}],"replies":[{"embeddable":true,"href":"http:\/\/www.pixel-signs.com\/ioml\/wp-json\/wp\/v2\/comments?post=776"}],"version-history":[{"count":10,"href":"http:\/\/www.pixel-signs.com\/ioml\/wp-json\/wp\/v2\/pages\/776\/revisions"}],"predecessor-version":[{"id":881,"href":"http:\/\/www.pixel-signs.com\/ioml\/wp-json\/wp\/v2\/pages\/776\/revisions\/881"}],"wp:featuredmedia":[{"embeddable":true,"href":"http:\/\/www.pixel-signs.com\/ioml\/wp-json\/wp\/v2\/media\/777"}],"wp:attachment":[{"href":"http:\/\/www.pixel-signs.com\/ioml\/wp-json\/wp\/v2\/media?parent=776"}],"curies":[{"name":"wp","href":"https:\/\/api.w.org\/{rel}","templated":true}]}}