{"id":8,"date":"2018-09-13T08:22:13","date_gmt":"2018-09-13T08:22:13","guid":{"rendered":"https:\/\/demo.themegrill.com\/zakra-education\/?page_id=8"},"modified":"2019-08-10T22:59:29","modified_gmt":"2019-08-10T20:59:29","slug":"mission","status":"publish","type":"page","link":"http:\/\/www.pixel-signs.com\/ioml\/mission\/","title":{"rendered":"Vision"},"content":{"rendered":"\t\t<div data-elementor-type=\"wp-post\" data-elementor-id=\"8\" class=\"elementor elementor-8\">\n\t\t\t\t\t\t<div class=\"elementor-inner\">\n\t\t\t\t<div class=\"elementor-section-wrap\">\n\t\t\t\t\t\t\t\t\t<section class=\"elementor-section elementor-top-section elementor-element elementor-element-f9d8984 elementor-section-content-middle elementor-section-boxed elementor-section-height-default elementor-section-height-default\" data-id=\"f9d8984\" data-element_type=\"section\">\n\t\t\t\t\t\t<div class=\"elementor-container elementor-column-gap-default\">\n\t\t\t\t\t\t\t<div class=\"elementor-row\">\n\t\t\t\t\t<div class=\"elementor-column elementor-col-50 elementor-top-column elementor-element elementor-element-aa9d830\" data-id=\"aa9d830\" data-element_type=\"column\">\n\t\t\t<div class=\"elementor-column-wrap elementor-element-populated\">\n\t\t\t\t\t\t\t<div class=\"elementor-widget-wrap\">\n\t\t\t\t\t\t<div class=\"elementor-element elementor-element-51c9743 elementor-widget elementor-widget-heading\" data-id=\"51c9743\" data-element_type=\"widget\" data-widget_type=\"heading.default\">\n\t\t\t\t<div class=\"elementor-widget-container\">\n\t\t\t<h2 class=\"elementor-heading-title elementor-size-default\">Unsere Vision<\/h2>\t\t<\/div>\n\t\t\t\t<\/div>\n\t\t\t\t<div class=\"elementor-element elementor-element-959bb5f elementor-widget elementor-widget-text-editor\" data-id=\"959bb5f\" data-element_type=\"widget\" data-widget_type=\"text-editor.default\">\n\t\t\t\t<div class=\"elementor-widget-container\">\n\t\t\t\t\t\t\t\t<div class=\"elementor-text-editor elementor-clearfix\">\n\t\t\t\t<p>Wir m\u00f6chten die Welt ein St\u00fcck besser machen. Mach auch Du jetzt mit.<\/p><p>&#8222;Die wertvollsten Produkte zum Erhalt und F\u00f6rderung der Gesundheit, Sch\u00f6nheit und Fitness in den Markt zu tragen und das weltweit. Mit der M\u00f6glichkeit sich seine Zeit frei einzuteilen, selbstst\u00e4ndig zu sein ohne gro\u00dfes Risiko. <br \/>Keiner fragt danach ob Mann oder Frau, wie jung Du bist, ob Du grad das Studium angefangen hast, welche Ausbildung man vorher hatte. <br \/>Es bietet jedem eine Chance, egal aus welchen finanziellen oder sozialen Hintergrund man gerade kommt und es wird leistungsbezogen bezahlt.&#8220;<\/p><p><strong>&#8222;Es geht um Lebensinhalte, Lebensfreude, Lebenslust und Lebensqualit\u00e4t. Das sind die Werte, f\u00fcr die es sich wirklich lohnt.&#8220;<\/strong><\/p>\t\t\t\t\t<\/div>\n\t\t\t\t\t\t<\/div>\n\t\t\t\t<\/div>\n\t\t\t\t\t\t<\/div>\n\t\t\t\t\t<\/div>\n\t\t<\/div>\n\t\t\t\t<div class=\"elementor-column elementor-col-50 elementor-top-column elementor-element elementor-element-3e210e0\" data-id=\"3e210e0\" data-element_type=\"column\">\n\t\t\t<div class=\"elementor-column-wrap elementor-element-populated\">\n\t\t\t\t\t\t\t<div class=\"elementor-widget-wrap\">\n\t\t\t\t\t\t<div class=\"elementor-element elementor-element-a68b83f elementor-widget elementor-widget-image\" data-id=\"a68b83f\" data-element_type=\"widget\" data-widget_type=\"image.default\">\n\t\t\t\t<div class=\"elementor-widget-container\">\n\t\t\t\t\t\t\t\t<div class=\"elementor-image\">\n\t\t\t\t\t\t\t\t\t\t\t\t<img src=\"http:\/\/www.pixel-signs.com\/ioml\/wp-content\/uploads\/elementor\/thumbs\/ourvision-2-oc1d2tjao3ibacqaa9qghrow4l6q55uad7d5lxngjs.jpg\" title=\"ourvision\" alt=\"ourvision\" loading=\"lazy\" \/>\t\t\t\t\t\t\t\t\t\t\t\t\t\t<\/div>\n\t\t\t\t\t\t<\/div>\n\t\t\t\t<\/div>\n\t\t\t\t\t\t<\/div>\n\t\t\t\t\t<\/div>\n\t\t<\/div>\n\t\t\t\t\t\t\t\t<\/div>\n\t\t\t\t\t<\/div>\n\t\t<\/section>\n\t\t\t\t\t\t\t\t\t<\/div>\n\t\t\t<\/div>\n\t\t\t\t\t<\/div>\n\t\t","protected":false},"excerpt":{"rendered":"<p>Unsere Vision Wir m\u00f6chten die Welt ein St\u00fcck besser machen. Mach auch Du jetzt mit. &#8222;Die wertvollsten Produkte zum Erhalt und F\u00f6rderung der Gesundheit, Sch\u00f6nheit und Fitness in den Markt zu tragen und das weltweit. Mit der M\u00f6glichkeit sich seine [&hellip;]<\/p>\n","protected":false},"author":1,"featured_media":0,"parent":0,"menu_order":0,"comment_status":"closed","ping_status":"closed","template":"elementor_header_footer","meta":[],"_links":{"self":[{"href":"http:\/\/www.pixel-signs.com\/ioml\/wp-json\/wp\/v2\/pages\/8"}],"collection":[{"href":"http:\/\/www.pixel-signs.com\/ioml\/wp-json\/wp\/v2\/pages"}],"about":[{"href":"http:\/\/www.pixel-signs.com\/ioml\/wp-json\/wp\/v2\/types\/page"}],"author":[{"embeddable":true,"href":"http:\/\/www.pixel-signs.com\/ioml\/wp-json\/wp\/v2\/users\/1"}],"replies":[{"embeddable":true,"href":"http:\/\/www.pixel-signs.com\/ioml\/wp-json\/wp\/v2\/comments?post=8"}],"version-history":[{"count":7,"href":"http:\/\/www.pixel-signs.com\/ioml\/wp-json\/wp\/v2\/pages\/8\/revisions"}],"predecessor-version":[{"id":583,"href":"http:\/\/www.pixel-signs.com\/ioml\/wp-json\/wp\/v2\/pages\/8\/revisions\/583"}],"wp:attachment":[{"href":"http:\/\/www.pixel-signs.com\/ioml\/wp-json\/wp\/v2\/media?parent=8"}],"curies":[{"name":"wp","href":"https:\/\/api.w.org\/{rel}","templated":true}]}}